{"id":21868,"date":"2021-10-12T16:27:24","date_gmt":"2021-10-12T14:27:24","guid":{"rendered":"https:\/\/balterio.com.es\/contato\/"},"modified":"2025-07-04T11:57:31","modified_gmt":"2025-07-04T09:57:31","slug":"contato","status":"publish","type":"page","link":"https:\/\/balterio.com.es\/pt-pt\/contato\/","title":{"rendered":"Contato"},"content":{"rendered":"\t\t<div data-elementor-type=\"wp-page\" data-elementor-id=\"21868\" class=\"elementor elementor-21868 elementor-4439\" data-elementor-post-type=\"page\">\n\t\t\t\t\t\t<section class=\"wd-negative-gap elementor-section elementor-top-section elementor-element elementor-element-255be3f4 elementor-section-content-middle elementor-section-boxed elementor-section-height-default elementor-section-height-default\" data-id=\"255be3f4\" data-element_type=\"section\" data-e-type=\"section\">\n\t\t\t\t\t\t<div class=\"elementor-container elementor-column-gap-extended\">\n\t\t\t\t\t<div class=\"elementor-column elementor-col-100 elementor-top-column elementor-element elementor-element-565d3d2e\" data-id=\"565d3d2e\" data-element_type=\"column\" data-e-type=\"column\">\n\t\t\t<div class=\"elementor-widget-wrap elementor-element-populated\">\n\t\t\t\t\t\t<div class=\"elementor-element elementor-element-64dacad elementor-widget elementor-widget-heading\" data-id=\"64dacad\" data-element_type=\"widget\" data-e-type=\"widget\" data-widget_type=\"heading.default\">\n\t\t\t\t<div class=\"elementor-widget-container\">\n\t\t\t\t\t<h2 class=\"elementor-heading-title elementor-size-default\">Em que te podemos ajudar?<\/h2>\t\t\t\t<\/div>\n\t\t\t\t<\/div>\n\t\t\t\t<div class=\"elementor-element elementor-element-98cb69c color-scheme-inherit text-left elementor-widget elementor-widget-text-editor\" data-id=\"98cb69c\" data-element_type=\"widget\" data-e-type=\"widget\" data-widget_type=\"text-editor.default\">\n\t\t\t\t<div class=\"elementor-widget-container\">\n\t\t\t\t\t\t\t\t\t<p>Se voc\u00ea tiver alguma pergunta espec\u00edfica sobre nossos pisos e n\u00e3o encontrar a resposta na nossa se\u00e7\u00e3o de perguntas frequentes, n\u00e3o hesite em entrar em contato connosco. Para d\u00favidas sobre instala\u00e7\u00e3o ou disponibilidade de produtos, visite o distribuidor Balterio mais pr\u00f3ximo.<br><br>  <\/p>\t\t\t\t\t\t\t\t<\/div>\n\t\t\t\t<\/div>\n\t\t\t\t<div class=\"elementor-element elementor-element-83ecbd3 color-scheme-inherit text-left elementor-widget elementor-widget-text-editor\" data-id=\"83ecbd3\" data-element_type=\"widget\" data-e-type=\"widget\" data-widget_type=\"text-editor.default\">\n\t\t\t\t<div class=\"elementor-widget-container\">\n\t\t\t\t\t\t\t\t\t<p><strong>MAIA-OTTO FLOORING SOLUTIONS SL<\/strong><\/p><p class=\"v1MsoListParagraph\">Camino Pajares y de Porcal, 11.<br>28500 Arganda del Rey (Madrid)<br><b>Telefone:<\/b> +34 91 870 48 10<\/p>\t\t\t\t\t\t\t\t<\/div>\n\t\t\t\t<\/div>\n\t\t\t\t<div class=\"elementor-element elementor-element-0832c9d elementor-widget elementor-widget-shortcode\" data-id=\"0832c9d\" data-element_type=\"widget\" data-e-type=\"widget\" data-widget_type=\"shortcode.default\">\n\t\t\t\t<div class=\"elementor-widget-container\">\n\t\t\t\t\t\t\t<div class=\"elementor-shortcode\"><\/div>\n\t\t\t\t\t\t<\/div>\n\t\t\t\t<\/div>\n\t\t\t\t\t<\/div>\n\t\t<\/div>\n\t\t\t\t\t<\/div>\n\t\t<\/section>\n\t\t<div class=\"wd-negative-gap elementor-element elementor-element-4abdf82 e-flex e-con-boxed e-con e-parent\" data-id=\"4abdf82\" data-element_type=\"container\" data-e-type=\"container\">\n\t\t\t\t\t<div class=\"e-con-inner\">\n\t\t<div class=\"elementor-element elementor-element-b0d8a3c e-con-full e-flex e-con e-child\" data-id=\"b0d8a3c\" data-element_type=\"container\" data-e-type=\"container\">\n\t\t\t\t<\/div>\n\t\t\t\t\t<\/div>\n\t\t\t\t<\/div>\n\t\t\t\t<\/div>\n\t\t","protected":false},"excerpt":{"rendered":"<p>Em que te podemos ajudar? Se voc\u00ea tiver alguma pergunta espec\u00edfica sobre nossos pisos e n\u00e3o encontrar a resposta na<\/p>\n","protected":false},"author":1,"featured_media":0,"parent":0,"menu_order":0,"comment_status":"closed","ping_status":"closed","template":"","meta":{"_relevanssi_hide_post":"","_relevanssi_hide_content":"","_relevanssi_pin_for_all":"","_relevanssi_pin_keywords":"","_relevanssi_unpin_keywords":"","_relevanssi_related_keywords":"","_relevanssi_related_include_ids":"","_relevanssi_related_exclude_ids":"","_relevanssi_related_no_append":"","_relevanssi_related_not_related":"","_relevanssi_related_posts":"","_relevanssi_noindex_reason":"","footnotes":""},"class_list":["post-21868","page","type-page","status-publish","hentry"],"_links":{"self":[{"href":"https:\/\/balterio.com.es\/pt-pt\/wp-json\/wp\/v2\/pages\/21868","targetHints":{"allow":["GET"]}}],"collection":[{"href":"https:\/\/balterio.com.es\/pt-pt\/wp-json\/wp\/v2\/pages"}],"about":[{"href":"https:\/\/balterio.com.es\/pt-pt\/wp-json\/wp\/v2\/types\/page"}],"author":[{"embeddable":true,"href":"https:\/\/balterio.com.es\/pt-pt\/wp-json\/wp\/v2\/users\/1"}],"replies":[{"embeddable":true,"href":"https:\/\/balterio.com.es\/pt-pt\/wp-json\/wp\/v2\/comments?post=21868"}],"version-history":[{"count":3,"href":"https:\/\/balterio.com.es\/pt-pt\/wp-json\/wp\/v2\/pages\/21868\/revisions"}],"predecessor-version":[{"id":22249,"href":"https:\/\/balterio.com.es\/pt-pt\/wp-json\/wp\/v2\/pages\/21868\/revisions\/22249"}],"wp:attachment":[{"href":"https:\/\/balterio.com.es\/pt-pt\/wp-json\/wp\/v2\/media?parent=21868"}],"curies":[{"name":"wp","href":"https:\/\/api.w.org\/{rel}","templated":true}]}}